{"id":7,"date":"2025-10-28T18:09:42","date_gmt":"2025-10-28T16:09:42","guid":{"rendered":"https:\/\/jt02.fi\/24ilta\/corewell\/filatov\/wordpress%202\/?page_id=7"},"modified":"2025-12-18T15:18:33","modified_gmt":"2025-12-18T13:18:33","slug":"home","status":"publish","type":"page","link":"http:\/\/corewell.fi\/","title":{"rendered":"Etusivu"},"content":{"rendered":"\n<div class=\"wp-block-cover alignfull\" style=\"min-height:720px;aspect-ratio:unset;\"><img loading=\"lazy\" decoding=\"async\" width=\"1024\" height=\"768\" class=\"wp-block-cover__image-background wp-image-30 size-large\" alt=\"\" src=\"https:\/\/jt02.fi\/24ilta\/corewell\/filatov\/wordpress%202\/wp-content\/uploads\/2025\/10\/IMG20251015133102-1024x768.jpg\" data-object-fit=\"cover\" srcset=\"http:\/\/corewell.fi\/wp-content\/uploads\/2025\/10\/IMG20251015133102-1024x768.jpg 1024w, http:\/\/corewell.fi\/wp-content\/uploads\/2025\/10\/IMG20251015133102-300x225.jpg 300w, http:\/\/corewell.fi\/wp-content\/uploads\/2025\/10\/IMG20251015133102-768x576.jpg 768w, http:\/\/corewell.fi\/wp-content\/uploads\/2025\/10\/IMG20251015133102-1536x1152.jpg 1536w, http:\/\/corewell.fi\/wp-content\/uploads\/2025\/10\/IMG20251015133102-2048x1536.jpg 2048w\" sizes=\"auto, (max-width: 1024px) 100vw, 1024px\" \/><span aria-hidden=\"true\" class=\"wp-block-cover__background has-background-dim-100 has-background-dim wp-block-cover__gradient-background has-background-gradient\" style=\"background:linear-gradient(300deg,rgb(255,206,236) 0%,rgb(152,150,240) 100%)\"><\/span><div class=\"wp-block-cover__inner-container is-layout-flow wp-block-cover-is-layout-flow\">\n<div class=\"inherit-container-width wp-block-group alignwide is-layout-constrained wp-block-group-is-layout-constrained\">\n<div class=\"wp-block-media-text alignwide has-media-on-the-right is-stacked-on-mobile is-vertically-aligned-center\"><div class=\"wp-block-media-text__content\">\n<h1 class=\"wp-block-heading has-text-align-left has-white-color has-text-color\">CoreWell \u2013 <br>hyvinvointia ja tukea el\u00e4m\u00e4si haasteisiin<\/h1>\n\n\n\n<p class=\"has-white-color has-text-color\">Asiantuntevaa tukea neuropsykiatrisiin haasteisiin, jaksamiseen, stressiin ja el\u00e4m\u00e4ntapamuutoksiin. Apua tasapainon l\u00f6ytymiseen ja voimaantumiseen ty\u00f6el\u00e4m\u00e4ss\u00e4, opiskelussa ja arjessa. CoreWellin kautta l\u00f6yd\u00e4t my\u00f6s kouluttajan mielenterveysteemoihin.<\/p>\n\n\n\n<div class=\"wp-block-buttons is-layout-flex wp-block-buttons-is-layout-flex\">\n<div class=\"wp-block-button is-style-outline is-style-outline--1\"><a class=\"wp-block-button__link wp-element-button\" href=\"https:\/\/corewell.fi\/index.php\/yhteystiedot\/\">Tarvitsen tukea<\/a><\/div>\n<\/div>\n<\/div><figure class=\"wp-block-media-text__media\"><img loading=\"lazy\" decoding=\"async\" width=\"1024\" height=\"1024\" src=\"https:\/\/jt02.fi\/24ilta\/corewell\/filatov\/wordpress%202\/wp-content\/uploads\/2025\/10\/ChatGPT-Image-30.10.2025-klo-17.54.51_wipe_bg.png\" alt=\"Terapia kuvitus\" class=\"wp-image-116 size-full\" srcset=\"http:\/\/corewell.fi\/wp-content\/uploads\/2025\/10\/ChatGPT-Image-30.10.2025-klo-17.54.51_wipe_bg.png 1024w, http:\/\/corewell.fi\/wp-content\/uploads\/2025\/10\/ChatGPT-Image-30.10.2025-klo-17.54.51_wipe_bg-300x300.png 300w, http:\/\/corewell.fi\/wp-content\/uploads\/2025\/10\/ChatGPT-Image-30.10.2025-klo-17.54.51_wipe_bg-150x150.png 150w, http:\/\/corewell.fi\/wp-content\/uploads\/2025\/10\/ChatGPT-Image-30.10.2025-klo-17.54.51_wipe_bg-768x768.png 768w\" sizes=\"auto, (max-width: 1024px) 100vw, 1024px\" \/><\/figure><\/div>\n<\/div>\n<\/div><\/div>\n\n\n\n<div class=\"wp-block-group alignfull has-ast-global-color-4-background-color has-background is-layout-constrained wp-container-core-group-is-layout-94d206d0 wp-block-group-is-layout-constrained\" id=\"about\" style=\"padding-top:143px;padding-bottom:144px\">\n<div class=\"wp-block-media-text is-stacked-on-mobile is-vertically-aligned-center\" style=\"grid-template-columns:43% auto\"><figure class=\"wp-block-media-text__media\"><img loading=\"lazy\" decoding=\"async\" width=\"1024\" height=\"1024\" src=\"https:\/\/jt02.fi\/24ilta\/corewell\/filatov\/wordpress%202\/wp-content\/uploads\/2025\/10\/ChatGPT-Image-30.10.2025-klo-18.07.27.png\" alt=\"Sanna Vehni\u00e4inen kuva\" class=\"wp-image-126 size-full\" srcset=\"http:\/\/corewell.fi\/wp-content\/uploads\/2025\/10\/ChatGPT-Image-30.10.2025-klo-18.07.27.png 1024w, http:\/\/corewell.fi\/wp-content\/uploads\/2025\/10\/ChatGPT-Image-30.10.2025-klo-18.07.27-300x300.png 300w, http:\/\/corewell.fi\/wp-content\/uploads\/2025\/10\/ChatGPT-Image-30.10.2025-klo-18.07.27-150x150.png 150w, http:\/\/corewell.fi\/wp-content\/uploads\/2025\/10\/ChatGPT-Image-30.10.2025-klo-18.07.27-768x768.png 768w\" sizes=\"auto, (max-width: 1024px) 100vw, 1024px\" \/><\/figure><div class=\"wp-block-media-text__content\">\n<div class=\"inherit-container-width wp-block-group is-layout-constrained wp-container-core-group-is-layout-47ce07ec wp-block-group-is-layout-constrained\" style=\"padding-right:80px\">\n<p>Olen Sanna Vehni\u00e4inen, hyvinvoinnin ammattilainen ja neuropsykiatrinen valmentaja. Olen t\u00e4\u00e4ll\u00e4 auttamassa juuri sinua erilaisissa arjen haasteissa ja autan sinua l\u00f6yt\u00e4m\u00e4\u00e4n tasapainoa el\u00e4m\u00e4\u00e4n.&nbsp;<\/p>\n\n\n\n<p>Minulla on laaja koulutus ja kokemus hyvinvointi- ja opetusalalta. <br>Toimin erityisopettajana ja 15-vuotta toimin hoitoty\u00f6n ammattilaisena ennen opetusty\u00f6t\u00e4ni. &nbsp;Uskon, ett\u00e4 el\u00e4m\u00e4n haasteet ovat voitettavissa ja yhdess\u00e4 voimme l\u00f6yt\u00e4\u00e4 keinoja paremman el\u00e4m\u00e4n rakentamiseen.<\/p>\n<\/div>\n\n\n\n<div class=\"wp-block-buttons is-layout-flex wp-block-buttons-is-layout-flex\">\n<div class=\"wp-block-button\"><a class=\"wp-block-button__link wp-element-button\" href=\"https:\/\/corewell.fi\/index.php\/minusta\/\">Lue lis\u00e4\u00e4 minusta<\/a><\/div>\n<\/div>\n<\/div><\/div>\n<\/div>\n\n\n\n<div class=\"wp-block-group alignfull has-ast-global-color-4-background-color has-background is-layout-constrained wp-container-core-group-is-layout-9cedb757 wp-block-group-is-layout-constrained\" style=\"padding-bottom:0px\">\n<h2 class=\"wp-block-heading\">Palvelut<br><\/h2>\n\n\n\n<div class=\"wp-block-columns are-vertically-aligned-top is-layout-flex wp-container-core-columns-is-layout-00723822 wp-block-columns-is-layout-flex\">\n<div class=\"wp-block-column is-vertically-aligned-top is-layout-flow wp-container-core-column-is-layout-6b73ce23 wp-block-column-is-layout-flow\">\n<figure class=\"wp-block-image size-large\"><img decoding=\"async\" src=\"https:\/\/jt02.fi\/24ilta\/corewell\/filatov\/wordpress%202\/wp-content\/themes\/astra\/inc\/assets\/images\/starter-content\/passionate.svg\" alt=\"\" class=\"wp-image-162\"\/><\/figure>\n\n\n\n<h3 class=\"wp-block-heading has-text-align-left\" style=\"margin-top:16px\">Neuropsykiatrinen valmennus&nbsp;<\/h3>\n\n\n\n<p class=\"has-text-align-left\"><\/p>\n\n\n\n<div class=\"wp-block-columns is-layout-flex wp-container-core-columns-is-layout-28f84493 wp-block-columns-is-layout-flex\">\n<div class=\"wp-block-column is-layout-flow wp-block-column-is-layout-flow\"><\/div>\n\n\n\n<div class=\"wp-block-column is-layout-flow wp-block-column-is-layout-flow\"><\/div>\n<\/div>\n<\/div>\n\n\n\n<div class=\"wp-block-column is-vertically-aligned-top is-layout-flow wp-container-core-column-is-layout-6b73ce23 wp-block-column-is-layout-flow\">\n<figure class=\"wp-block-image size-large\"><img decoding=\"async\" src=\"https:\/\/jt02.fi\/24ilta\/corewell\/filatov\/wordpress%202\/wp-content\/themes\/astra\/inc\/assets\/images\/starter-content\/passionate.svg\" alt=\"\" class=\"wp-image-162\"\/><\/figure>\n\n\n\n<h3 class=\"wp-block-heading has-text-align-left\" style=\"margin-top:16px\">Yksityisvalmennus<\/h3>\n\n\n\n<p class=\"has-text-align-left\">Esim. neuropsykiatriset haasteet, oppimiseen liittyv\u00e4t ongelmat<\/p>\n<\/div>\n\n\n\n<div class=\"wp-block-column is-vertically-aligned-top is-layout-flow wp-container-core-column-is-layout-6b73ce23 wp-block-column-is-layout-flow\">\n<figure class=\"wp-block-image size-large\"><img decoding=\"async\" src=\"https:\/\/jt02.fi\/24ilta\/corewell\/filatov\/wordpress%202\/wp-content\/themes\/astra\/inc\/assets\/images\/starter-content\/passionate.svg\" alt=\"\" class=\"wp-image-162\"\/><\/figure>\n\n\n\n<h3 class=\"wp-block-heading has-text-align-left\" style=\"margin-top:16px\">Asiantuntijaluennot<\/h3>\n\n\n\n<p class=\"has-text-align-left\">Esim. mielenterveys, stressi, jaksaminen<\/p>\n<\/div>\n<\/div>\n\n\n\n<div class=\"wp-block-columns is-layout-flex wp-container-core-columns-is-layout-28f84493 wp-block-columns-is-layout-flex\">\n<div class=\"wp-block-column is-vertically-aligned-top is-layout-flow wp-container-core-column-is-layout-6b73ce23 wp-block-column-is-layout-flow\">\n<figure class=\"wp-block-image size-large\"><img decoding=\"async\" src=\"https:\/\/jt02.fi\/24ilta\/corewell\/filatov\/wordpress%202\/wp-content\/themes\/astra\/inc\/assets\/images\/starter-content\/passionate.svg\" alt=\"\" class=\"wp-image-162\"\/><\/figure>\n\n\n\n<h3 class=\"wp-block-heading has-text-align-left\" style=\"margin-top:16px\">P\u00e4ihteidenk\u00e4ytt\u00e4jien l\u00e4heisten tuki ja ohjaus<\/h3>\n\n\n\n<p class=\"has-text-align-left\"><\/p>\n<\/div>\n\n\n\n<div class=\"wp-block-column is-vertically-aligned-top is-layout-flow wp-container-core-column-is-layout-6b73ce23 wp-block-column-is-layout-flow\">\n<figure class=\"wp-block-image size-large\"><img decoding=\"async\" src=\"https:\/\/jt02.fi\/24ilta\/corewell\/filatov\/wordpress%202\/wp-content\/themes\/astra\/inc\/assets\/images\/starter-content\/passionate.svg\" alt=\"\" class=\"wp-image-162\"\/><\/figure>\n\n\n\n<h3 class=\"wp-block-heading has-text-align-left\" style=\"margin-top:16px\">Nuori mieli -koulutus,<br>Mielenterveyden ensiapukoulutukset<\/h3>\n\n\n\n<p class=\"has-text-align-left\"><\/p>\n<\/div>\n\n\n\n<div class=\"wp-block-column is-vertically-aligned-top is-layout-flow wp-container-core-column-is-layout-6b73ce23 wp-block-column-is-layout-flow\">\n<figure class=\"wp-block-image size-large\"><img decoding=\"async\" src=\"https:\/\/jt02.fi\/24ilta\/corewell\/filatov\/wordpress%202\/wp-content\/themes\/astra\/inc\/assets\/images\/starter-content\/passionate.svg\" alt=\"\" class=\"wp-image-162\"\/><\/figure>\n\n\n\n<h3 class=\"wp-block-heading has-text-align-left\" style=\"margin-top:16px\">Hyvinvointi-valmennuspaketti<\/h3>\n\n\n\n<p class=\"has-text-align-left\">Osa-alueina: ravitsemus, liikkuminen, jaksaminen, erilaiset tavoitteet ja el\u00e4m\u00e4ntapamuutokset<\/p>\n<\/div>\n<\/div>\n\n\n\n<div class=\"wp-block-buttons has-ast-global-color-4-background-color has-background is-layout-flex wp-block-buttons-is-layout-flex\" style=\"margin-top:0;margin-bottom:0;padding-top:var(--wp--preset--spacing--60);padding-bottom:var(--wp--preset--spacing--60)\">\n<div class=\"wp-block-button\"><a class=\"wp-block-button__link wp-element-button\" href=\"https:\/\/corewell.fi\/index.php\/palvelut\/\">Lue lis\u00e4\u00e4 palveluista<\/a><\/div>\n<\/div>\n<\/div>\n\n\n\n<div class=\"wp-block-group alignfull has-blush-light-purple-gradient-background has-background is-layout-constrained wp-container-core-group-is-layout-cfcca693 wp-block-group-is-layout-constrained\" id=\"contact\" style=\"padding-top:104px;padding-bottom:104px\">\n<h2 class=\"wp-block-heading has-text-align-center has-text-color\" style=\"color:#ffffff\">Tmi CoreWell<\/h2>\n\n\n\n<p class=\"has-text-align-center has-ast-global-color-5-color has-text-color has-link-color wp-elements-f8b845898ac8cdc54cd321c170eaa3ef\">Y-tunnus: 355 3274-4<br><a href=\"mailto:tmicorewell@gmail.com\">tmicorewell@gmail.com<\/a><br>+358407585887<\/p>\n\n\n\n<p class=\"has-text-align-center has-ast-global-color-5-color has-text-color has-link-color wp-elements-539197a6b4e426fd915fc0c4a28aa2e4\">K\u00e4yntiosoite:<br>Tampere, Kalevan Prisman l\u00e4hell\u00e4<\/p>\n\n\n\n<p class=\"has-text-align-center has-ast-global-color-5-color has-text-color has-link-color wp-elements-1a1516c01da09e2e8162dad554d5a798\">Et\u00e4tapaamiset<\/p>\n\n\n\n<div class=\"wp-block-buttons alignwide is-horizontal is-content-justification-center is-layout-flex wp-container-core-buttons-is-layout-bba8380a wp-block-buttons-is-layout-flex\" style=\"margin-top:50px\">\n<div class=\"wp-block-button is-style-outline is-style-outline--2\"><a class=\"wp-block-button__link wp-element-button\" href=\"https:\/\/corewell.fi\/index.php\/yhteystiedot\/\">Ota yhteytt\u00e4<\/a><\/div>\n<\/div>\n<\/div>\n\n\n\n<p><\/p>\n","protected":false},"excerpt":{"rendered":"<p>Olen Sanna Vehni\u00e4inen, hyvinvoinnin ammattilainen ja neuropsykiatrinen valmentaja. Olen t\u00e4\u00e4ll\u00e4 auttamassa juuri sinua erilaisissa arjen haasteissa ja autan sinua l\u00f6yt\u00e4m\u00e4\u00e4n [&hellip;]<\/p>\n","protected":false},"author":1,"featured_media":0,"parent":0,"menu_order":0,"comment_status":"closed","ping_status":"closed","template":"","meta":{"om_disable_all_campaigns":false,"_monsterinsights_skip_tracking":false,"_monsterinsights_sitenote_active":false,"_monsterinsights_sitenote_note":"","_monsterinsights_sitenote_category":0,"site-sidebar-layout":"no-sidebar","site-content-layout":"plain-container","ast-site-content-layout":"default","site-content-style":"default","site-sidebar-style":"default","ast-global-header-display":"","ast-banner-title-visibility":"","ast-main-header-display":"","ast-hfb-above-header-display":"","ast-hfb-below-header-display":"","ast-hfb-mobile-header-display":"","site-post-title":"disabled","ast-breadcrumbs-content":"","ast-featured-img":"","footer-sml-layout":"","ast-disable-related-posts":"","theme-transparent-header-meta":"enabled","adv-header-id-meta":"","stick-header-meta":"","header-above-stick-meta":"","header-main-stick-meta":"","header-below-stick-meta":"","astra-migrate-meta-layouts":"default","ast-page-background-enabled":"default","ast-page-background-meta":{"desktop":{"background-color":"var(--ast-global-color-5)","background-image":"","background-repeat":"repeat","background-position":"center center","background-size":"auto","background-attachment":"scroll","background-type":"","background-media":"","overlay-type":"","overlay-color":"","overlay-opacity":"","overlay-gradient":""},"tablet":{"background-color":"","background-image":"","background-repeat":"repeat","background-position":"center center","background-size":"auto","background-attachment":"scroll","background-type":"","background-media":"","overlay-type":"","overlay-color":"","overlay-opacity":"","overlay-gradient":""},"mobile":{"background-color":"","background-image":"","background-repeat":"repeat","background-position":"center center","background-size":"auto","background-attachment":"scroll","background-type":"","background-media":"","overlay-type":"","overlay-color":"","overlay-opacity":"","overlay-gradient":""}},"ast-content-background-meta":{"desktop":{"background-color":"var(--ast-global-color-4)","background-image":"","background-repeat":"repeat","background-position":"center center","background-size":"auto","background-attachment":"scroll","background-type":"","background-media":"","overlay-type":"","overlay-color":"","overlay-opacity":"","overlay-gradient":""},"tablet":{"background-color":"var(--ast-global-color-4)","background-image":"","background-repeat":"repeat","background-position":"center center","background-size":"auto","background-attachment":"scroll","background-type":"","background-media":"","overlay-type":"","overlay-color":"","overlay-opacity":"","overlay-gradient":""},"mobile":{"background-color":"var(--ast-global-color-4)","background-image":"","background-repeat":"repeat","background-position":"center center","background-size":"auto","background-attachment":"scroll","background-type":"","background-media":"","overlay-type":"","overlay-color":"","overlay-opacity":"","overlay-gradient":""}},"footnotes":""},"class_list":["post-7","page","type-page","status-publish","hentry"],"aioseo_notices":[],"_links":{"self":[{"href":"http:\/\/corewell.fi\/index.php\/wp-json\/wp\/v2\/pages\/7","targetHints":{"allow":["GET"]}}],"collection":[{"href":"http:\/\/corewell.fi\/index.php\/wp-json\/wp\/v2\/pages"}],"about":[{"href":"http:\/\/corewell.fi\/index.php\/wp-json\/wp\/v2\/types\/page"}],"author":[{"embeddable":true,"href":"http:\/\/corewell.fi\/index.php\/wp-json\/wp\/v2\/users\/1"}],"replies":[{"embeddable":true,"href":"http:\/\/corewell.fi\/index.php\/wp-json\/wp\/v2\/comments?post=7"}],"version-history":[{"count":38,"href":"http:\/\/corewell.fi\/index.php\/wp-json\/wp\/v2\/pages\/7\/revisions"}],"predecessor-version":[{"id":315,"href":"http:\/\/corewell.fi\/index.php\/wp-json\/wp\/v2\/pages\/7\/revisions\/315"}],"wp:attachment":[{"href":"http:\/\/corewell.fi\/index.php\/wp-json\/wp\/v2\/media?parent=7"}],"curies":[{"name":"wp","href":"https:\/\/api.w.org\/{rel}","templated":true}]}}