{"id":63,"date":"2025-10-28T20:02:30","date_gmt":"2025-10-28T18:02:30","guid":{"rendered":"https:\/\/jt02.fi\/24ilta\/corewell\/filatov\/wordpress%202\/?page_id=63"},"modified":"2025-12-18T15:09:48","modified_gmt":"2025-12-18T13:09:48","slug":"minusta","status":"publish","type":"page","link":"http:\/\/corewell.fi\/index.php\/minusta\/","title":{"rendered":"Minusta"},"content":{"rendered":"\n<div class=\"wp-block-cover alignfull\" style=\"min-height:738px;aspect-ratio:unset;\"><img loading=\"lazy\" decoding=\"async\" width=\"1024\" height=\"768\" class=\"wp-block-cover__image-background wp-image-30 size-large\" alt=\"\" src=\"https:\/\/jt02.fi\/24ilta\/corewell\/filatov\/wordpress%202\/wp-content\/uploads\/2025\/10\/IMG20251015133102-1024x768.jpg\" data-object-fit=\"cover\" srcset=\"http:\/\/corewell.fi\/wp-content\/uploads\/2025\/10\/IMG20251015133102-1024x768.jpg 1024w, http:\/\/corewell.fi\/wp-content\/uploads\/2025\/10\/IMG20251015133102-300x225.jpg 300w, http:\/\/corewell.fi\/wp-content\/uploads\/2025\/10\/IMG20251015133102-768x576.jpg 768w, http:\/\/corewell.fi\/wp-content\/uploads\/2025\/10\/IMG20251015133102-1536x1152.jpg 1536w, http:\/\/corewell.fi\/wp-content\/uploads\/2025\/10\/IMG20251015133102-2048x1536.jpg 2048w\" sizes=\"auto, (max-width: 1024px) 100vw, 1024px\" \/><span aria-hidden=\"true\" class=\"wp-block-cover__background has-ast-global-color-7-background-color has-background-dim-100 has-background-dim\"><\/span><div class=\"wp-block-cover__inner-container is-layout-flow wp-block-cover-is-layout-flow\">\n<div class=\"inherit-container-width wp-block-group alignwide is-layout-constrained wp-block-group-is-layout-constrained\">\n<div class=\"wp-block-media-text alignwide has-media-on-the-right is-stacked-on-mobile is-vertically-aligned-center\" style=\"grid-template-columns:auto 40%\"><div class=\"wp-block-media-text__content\">\n<h1 class=\"wp-block-heading has-text-align-left has-white-color has-text-color\"><strong>Sanna Vehni\u00e4inen<\/strong> \u2013 <br>hyvinvoinnin monipuolinen ammattilainen<\/h1>\n\n\n\n<p class=\"has-white-color has-text-color\">Ihmisen\u00e4 minua kuvaavat parhaiten energisyys, sosiaalisuus ja uteliaisuus uusia asioita kohtaan. Olen parhaimmillani, kun saan olla avuksi asiakkaille erilaisissa el\u00e4m\u00e4n haasteissa, auttaa kohti uusia p\u00e4\u00e4m\u00e4\u00e4ri\u00e4 ja tavoitteita sek\u00e4 silloin, kun saan olla kuuntelevana osapuolena el\u00e4m\u00e4n eri tilanteissa. Syntyjuureni ovat lapista ja sit\u00e4 kautta omaan my\u00f6s ajatuksen siit\u00e4, ett\u00e4 tuli el\u00e4m\u00e4ss\u00e4 eteen mit\u00e4 vain, on haasteet voitettavissa ja tulevaisuus n\u00e4ytt\u00e4ytyy viel\u00e4 valoisana.&nbsp;<\/p>\n<\/div><figure class=\"wp-block-media-text__media\"><img loading=\"lazy\" decoding=\"async\" width=\"1024\" height=\"1024\" src=\"https:\/\/jt02.fi\/24ilta\/corewell\/filatov\/wordpress%202\/wp-content\/uploads\/2025\/10\/ChatGPT-Image-30.10.2025-klo-18.16.37.png\" alt=\"Sanna Vehni\u00e4inen Kuva\" class=\"wp-image-130 size-full\" srcset=\"http:\/\/corewell.fi\/wp-content\/uploads\/2025\/10\/ChatGPT-Image-30.10.2025-klo-18.16.37.png 1024w, http:\/\/corewell.fi\/wp-content\/uploads\/2025\/10\/ChatGPT-Image-30.10.2025-klo-18.16.37-300x300.png 300w, http:\/\/corewell.fi\/wp-content\/uploads\/2025\/10\/ChatGPT-Image-30.10.2025-klo-18.16.37-150x150.png 150w, http:\/\/corewell.fi\/wp-content\/uploads\/2025\/10\/ChatGPT-Image-30.10.2025-klo-18.16.37-768x768.png 768w\" sizes=\"auto, (max-width: 1024px) 100vw, 1024px\" \/><\/figure><\/div>\n<\/div>\n<\/div><\/div>\n\n\n\n<div class=\"wp-block-cover alignfull\" style=\"min-height:687px;aspect-ratio:unset;\"><img loading=\"lazy\" decoding=\"async\" width=\"1024\" height=\"768\" class=\"wp-block-cover__image-background wp-image-30 size-large\" alt=\"\" src=\"https:\/\/jt02.fi\/24ilta\/corewell\/filatov\/wordpress%202\/wp-content\/uploads\/2025\/10\/IMG20251015133102-1024x768.jpg\" data-object-fit=\"cover\" srcset=\"http:\/\/corewell.fi\/wp-content\/uploads\/2025\/10\/IMG20251015133102-1024x768.jpg 1024w, http:\/\/corewell.fi\/wp-content\/uploads\/2025\/10\/IMG20251015133102-300x225.jpg 300w, http:\/\/corewell.fi\/wp-content\/uploads\/2025\/10\/IMG20251015133102-768x576.jpg 768w, http:\/\/corewell.fi\/wp-content\/uploads\/2025\/10\/IMG20251015133102-1536x1152.jpg 1536w, http:\/\/corewell.fi\/wp-content\/uploads\/2025\/10\/IMG20251015133102-2048x1536.jpg 2048w\" sizes=\"auto, (max-width: 1024px) 100vw, 1024px\" \/><span aria-hidden=\"true\" class=\"wp-block-cover__background has-ast-global-color-4-background-color has-background-dim-100 has-background-dim\"><\/span><div class=\"wp-block-cover__inner-container is-layout-flow wp-block-cover-is-layout-flow\">\n<div class=\"inherit-container-width wp-block-group alignwide is-layout-constrained wp-block-group-is-layout-constrained\">\n<div class=\"wp-block-media-text alignwide is-stacked-on-mobile is-vertically-aligned-center\" style=\"grid-template-columns:38% auto\"><figure class=\"wp-block-media-text__media\"><img loading=\"lazy\" decoding=\"async\" width=\"1024\" height=\"1024\" src=\"https:\/\/jt02.fi\/24ilta\/corewell\/filatov\/wordpress%202\/wp-content\/uploads\/2025\/10\/ChatGPT-Image-30.10.2025-klo-17.43.10_wipe_bg.png\" alt=\",Koulutus kuvitus\" class=\"wp-image-113 size-full\" srcset=\"http:\/\/corewell.fi\/wp-content\/uploads\/2025\/10\/ChatGPT-Image-30.10.2025-klo-17.43.10_wipe_bg.png 1024w, http:\/\/corewell.fi\/wp-content\/uploads\/2025\/10\/ChatGPT-Image-30.10.2025-klo-17.43.10_wipe_bg-300x300.png 300w, http:\/\/corewell.fi\/wp-content\/uploads\/2025\/10\/ChatGPT-Image-30.10.2025-klo-17.43.10_wipe_bg-150x150.png 150w, http:\/\/corewell.fi\/wp-content\/uploads\/2025\/10\/ChatGPT-Image-30.10.2025-klo-17.43.10_wipe_bg-768x768.png 768w\" sizes=\"auto, (max-width: 1024px) 100vw, 1024px\" \/><\/figure><div class=\"wp-block-media-text__content\">\n<h1 class=\"wp-block-heading has-text-align-left has-ast-global-color-3-color has-text-color\">Koulutukseni<\/h1>\n\n\n\n<p class=\"has-white-color has-text-color has-ast-global-color-3-color has-link-color wp-elements-d7d525543866aa38ed8169ab4dcaea94\">Olen Terveystieteiden maisteri, erityisopettaja sek\u00e4 k\u00e4til\u00f6\/sairaanhoitaja AMK. Lis\u00e4ksi olen opiskellut ratkaisukeskeiseksi neuropsykiatriseksi valmentajaksi ja lyhytterapeutin p\u00e4tevyys tulossa l\u00e4hitulevaisuudessa. T\u00e4ydennyskoulutuksia olen k\u00e4ynyt vuosien varrella mm: keho-mieliyhteyden vaikutus terveyteen ja t\u00e4m\u00e4n my\u00f6t\u00e4 k\u00e4yt\u00e4n n\u00e4it\u00e4 oppeja hy\u00f6dynn\u00e4n ty\u00f6v\u00e4linein\u00e4 esimerkiksi ylivireys-, stressi-, j\u00e4nnitys- ja pelkotiloihin. Olen Mieli ry -kouluttaja ja tarjoan mielenterveyskoulutuksia yrityksille ja yhteis\u00f6ille. Olen k\u00e4ynyt oppilaitoshyvinvoinnin asiantuntijakoulutuksen sek\u00e4 voimakeh\u00e4- lisenssivalmentajan koulutuksen. Mielenterveyden hyvinvointiin liittyvi\u00e4 koulutuksia on useita, viimeisimp\u00e4n\u00e4 kriisity\u00f6n opinnot. Hyvinvointivalmentajan opintojen my\u00f6t\u00e4 olen valmis auttamaan esimerkiksi el\u00e4m\u00e4ntaparemontin alkuunp\u00e4\u00e4syss\u00e4 ja siin\u00e4 tukemisessa. Lis\u00e4ksi positiivinen psykologia on yksi mielenkiinnon kohteeni.\u00a0<\/p>\n\n\n\n<p class=\"has-white-color has-text-color has-ast-global-color-3-color has-link-color wp-elements-9d50b3f7ddb1f9cf246b816a664f75ff\">Koulutuksieni ohella el\u00e4m\u00e4nkoulussa olen opiskellut kolmen lapseni kanssa, joka on ollut opettavaista ja antoisaa. Vapaa-aikana minut l\u00f6yt\u00e4\u00e4 monenlaisten urheiluaktiviteettien parista sek\u00e4 lasteni kilpaurheilun kannustus- ja tukijoukoista.<\/p>\n<\/div><\/div>\n<\/div>\n<\/div><\/div>\n\n\n\n<div class=\"wp-block-cover alignfull\" style=\"min-height:720px;aspect-ratio:unset;\"><img loading=\"lazy\" decoding=\"async\" width=\"1024\" height=\"768\" class=\"wp-block-cover__image-background wp-image-30 size-large\" alt=\"\" src=\"https:\/\/jt02.fi\/24ilta\/corewell\/filatov\/wordpress%202\/wp-content\/uploads\/2025\/10\/IMG20251015133102-1024x768.jpg\" data-object-fit=\"cover\" srcset=\"http:\/\/corewell.fi\/wp-content\/uploads\/2025\/10\/IMG20251015133102-1024x768.jpg 1024w, http:\/\/corewell.fi\/wp-content\/uploads\/2025\/10\/IMG20251015133102-300x225.jpg 300w, http:\/\/corewell.fi\/wp-content\/uploads\/2025\/10\/IMG20251015133102-768x576.jpg 768w, http:\/\/corewell.fi\/wp-content\/uploads\/2025\/10\/IMG20251015133102-1536x1152.jpg 1536w, http:\/\/corewell.fi\/wp-content\/uploads\/2025\/10\/IMG20251015133102-2048x1536.jpg 2048w\" sizes=\"auto, (max-width: 1024px) 100vw, 1024px\" \/><span aria-hidden=\"true\" class=\"wp-block-cover__background has-ast-global-color-0-background-color has-background-dim-100 has-background-dim\"><\/span><div class=\"wp-block-cover__inner-container is-layout-flow wp-block-cover-is-layout-flow\">\n<div class=\"inherit-container-width wp-block-group alignwide is-layout-constrained wp-block-group-is-layout-constrained\">\n<div class=\"wp-block-media-text alignwide has-media-on-the-right is-stacked-on-mobile is-vertically-aligned-center\" style=\"grid-template-columns:auto 36%\"><div class=\"wp-block-media-text__content\">\n<h1 class=\"wp-block-heading has-text-align-left has-white-color has-text-color\">Ty\u00f6kokemus<\/h1>\n\n\n\n<p class=\"has-white-color has-text-color\">Olen ty\u00f6skennellyt sosiaali- ja terveysalan ty\u00f6teht\u00e4viss\u00e4 20-vuotta, t\u00e4ll\u00e4 hetkell\u00e4 erityisopettajana. Minulla on kokemusta erityisnuorten kanssa ty\u00f6skentelyst\u00e4 ja ty\u00f6 k\u00e4til\u00f6n\u00e4 sek\u00e4 saattohoidon parissa ovat opettaneet my\u00f6s minulle paljon erilaisten ihmisten haasteista. Mottona onkin, ett\u00e4 &#8221;el\u00e4m\u00e4ss\u00e4 ei ole mik\u00e4\u00e4n mahdotonta.<\/p>\n\n\n\n<p class=\"has-ast-global-color-5-color has-text-color has-link-color wp-elements-718545e4528d84fb24fc7318e979b505\">Viimeiset kaksi vuotta olen toiminut addiktiosairaan l\u00e4heisten tukiryhm\u00e4ss\u00e4, joten t\u00e4llaisissa aiheissa olen valmis auttamaan koko perhett\u00e4. Neuropsykiatristen haasteiden yhteys p\u00e4ihdesairauteen on her\u00e4tt\u00e4nyt mielenkiintoni.\u00a0<\/p>\n<\/div><figure class=\"wp-block-media-text__media\"><img loading=\"lazy\" decoding=\"async\" width=\"1024\" height=\"757\" src=\"https:\/\/jt02.fi\/24ilta\/corewell\/filatov\/wordpress%202\/wp-content\/uploads\/2025\/10\/ChatGPT-Image-30.10.2025-klo-17.40.26_wipe_bg-e1761839671236-1024x757.png\" alt=\"\" class=\"wp-image-114 size-full\" srcset=\"http:\/\/corewell.fi\/wp-content\/uploads\/2025\/10\/ChatGPT-Image-30.10.2025-klo-17.40.26_wipe_bg-e1761839671236-1024x757.png 1024w, http:\/\/corewell.fi\/wp-content\/uploads\/2025\/10\/ChatGPT-Image-30.10.2025-klo-17.40.26_wipe_bg-e1761839671236-300x222.png 300w, http:\/\/corewell.fi\/wp-content\/uploads\/2025\/10\/ChatGPT-Image-30.10.2025-klo-17.40.26_wipe_bg-e1761839671236-768x568.png 768w, http:\/\/corewell.fi\/wp-content\/uploads\/2025\/10\/ChatGPT-Image-30.10.2025-klo-17.40.26_wipe_bg-e1761839671236.png 1098w\" sizes=\"auto, (max-width: 1024px) 100vw, 1024px\" \/><\/figure><\/div>\n<\/div>\n<\/div><\/div>\n\n\n\n<div class=\"wp-block-cover alignfull\" style=\"min-height:720px;aspect-ratio:unset;\"><img loading=\"lazy\" decoding=\"async\" width=\"1024\" height=\"768\" class=\"wp-block-cover__image-background wp-image-30 size-large\" alt=\"\" src=\"https:\/\/jt02.fi\/24ilta\/corewell\/filatov\/wordpress%202\/wp-content\/uploads\/2025\/10\/IMG20251015133102-1024x768.jpg\" data-object-fit=\"cover\" srcset=\"http:\/\/corewell.fi\/wp-content\/uploads\/2025\/10\/IMG20251015133102-1024x768.jpg 1024w, http:\/\/corewell.fi\/wp-content\/uploads\/2025\/10\/IMG20251015133102-300x225.jpg 300w, http:\/\/corewell.fi\/wp-content\/uploads\/2025\/10\/IMG20251015133102-768x576.jpg 768w, http:\/\/corewell.fi\/wp-content\/uploads\/2025\/10\/IMG20251015133102-1536x1152.jpg 1536w, http:\/\/corewell.fi\/wp-content\/uploads\/2025\/10\/IMG20251015133102-2048x1536.jpg 2048w\" sizes=\"auto, (max-width: 1024px) 100vw, 1024px\" \/><span aria-hidden=\"true\" class=\"wp-block-cover__background has-ast-global-color-4-background-color has-background-dim-100 has-background-dim\"><\/span><div class=\"wp-block-cover__inner-container is-layout-flow wp-block-cover-is-layout-flow\">\n<div class=\"inherit-container-width wp-block-group alignwide is-layout-constrained wp-block-group-is-layout-constrained\">\n<div class=\"wp-block-media-text alignwide is-stacked-on-mobile is-vertically-aligned-center\" style=\"grid-template-columns:38% auto\"><figure class=\"wp-block-media-text__media\"><img loading=\"lazy\" decoding=\"async\" width=\"1024\" height=\"1024\" src=\"https:\/\/jt02.fi\/24ilta\/corewell\/filatov\/wordpress%202\/wp-content\/uploads\/2025\/10\/ChatGPT-Image-30.10.2025-klo-17.59.06_wipe_bg.png\" alt=\"\" class=\"wp-image-120 size-full\" srcset=\"http:\/\/corewell.fi\/wp-content\/uploads\/2025\/10\/ChatGPT-Image-30.10.2025-klo-17.59.06_wipe_bg.png 1024w, http:\/\/corewell.fi\/wp-content\/uploads\/2025\/10\/ChatGPT-Image-30.10.2025-klo-17.59.06_wipe_bg-300x300.png 300w, http:\/\/corewell.fi\/wp-content\/uploads\/2025\/10\/ChatGPT-Image-30.10.2025-klo-17.59.06_wipe_bg-150x150.png 150w, http:\/\/corewell.fi\/wp-content\/uploads\/2025\/10\/ChatGPT-Image-30.10.2025-klo-17.59.06_wipe_bg-768x768.png 768w\" sizes=\"auto, (max-width: 1024px) 100vw, 1024px\" \/><\/figure><div class=\"wp-block-media-text__content\">\n<p class=\"has-white-color has-text-color has-ast-global-color-3-color has-link-color wp-elements-849fd6aeab1bcab9cc229e3300eca543\">Minua on aina kiinnostanut erilaiset ihmiset erilaisineen haasteineen ja sek\u00e4 se, millaisilla menetelmill\u00e4 haasteita ratkaistaan. Oman el\u00e4m\u00e4npolkuni kautta olen kohdannut itsekin monenlaisia haasteita matkan varrella, jopa niin, ett\u00e4 mielenkiinto yritt\u00e4jyyteen her\u00e4si pari vuotta taaksep\u00e4in. Uskon itseeni siin\u00e4, ett\u00e4 koulutukseni ja el\u00e4m\u00e4nkokemukseni kautta pystyn luomaan asiakkaille turvallisuuden tunteen ja olemaan l\u00e4sn\u00e4. N\u00e4iden kautta muutosmatka miss\u00e4 tahansa el\u00e4m\u00e4ntilanteessa on mahdollista. <\/p>\n\n\n\n<div class=\"wp-block-buttons is-layout-flex wp-block-buttons-is-layout-flex\">\n<div class=\"wp-block-button\"><a class=\"wp-block-button__link wp-element-button\" href=\"https:\/\/corewell.fi\/index.php\/palvelut\/\">Palvelut<\/a><\/div>\n<\/div>\n<\/div><\/div>\n<\/div>\n<\/div><\/div>\n\n\n\n<div class=\"wp-block-group alignfull has-blush-light-purple-gradient-background has-background is-layout-constrained wp-container-core-group-is-layout-cfcca693 wp-block-group-is-layout-constrained\" id=\"contact\" style=\"padding-top:104px;padding-bottom:104px\">\n<h2 class=\"wp-block-heading has-text-align-center has-text-color\" style=\"color:#ffffff\">Tmi CoreWell<\/h2>\n\n\n\n<p class=\"has-text-align-center has-ast-global-color-5-color has-text-color has-link-color wp-elements-f8b845898ac8cdc54cd321c170eaa3ef\">Y-tunnus: 355 3274-4<br><a href=\"mailto:tmicorewell@gmail.com\">tmicorewell@gmail.com<\/a><br>+358407585887<\/p>\n\n\n\n<p class=\"has-text-align-center has-ast-global-color-5-color has-text-color has-link-color wp-elements-539197a6b4e426fd915fc0c4a28aa2e4\">K\u00e4yntiosoite:<br>Tampere, Kalevan Prisman l\u00e4hell\u00e4<\/p>\n\n\n\n<p class=\"has-text-align-center has-ast-global-color-5-color has-text-color has-link-color wp-elements-1a1516c01da09e2e8162dad554d5a798\">Et\u00e4tapaamiset<\/p>\n\n\n\n<div class=\"wp-block-buttons alignwide is-horizontal is-content-justification-center is-layout-flex wp-container-core-buttons-is-layout-bba8380a wp-block-buttons-is-layout-flex\" style=\"margin-top:50px\">\n<div class=\"wp-block-button is-style-outline is-style-outline--1\"><a class=\"wp-block-button__link wp-element-button\" href=\"https:\/\/corewell.fi\/index.php\/yhteystiedot\/\">Ota yhteytt\u00e4<\/a><\/div>\n<\/div>\n<\/div>\n\n\n\n<p><\/p>\n","protected":false},"excerpt":{"rendered":"<p>Tmi CoreWell Y-tunnus: 355 3274-4tmicorewell@gmail.com+358407585887 K\u00e4yntiosoite:Tampere, Kalevan Prisman l\u00e4hell\u00e4 Et\u00e4tapaamiset<\/p>\n","protected":false},"author":1,"featured_media":0,"parent":0,"menu_order":0,"comment_status":"closed","ping_status":"closed","template":"","meta":{"om_disable_all_campaigns":false,"_monsterinsights_skip_tracking":false,"_monsterinsights_sitenote_active":false,"_monsterinsights_sitenote_note":"","_monsterinsights_sitenote_category":0,"site-sidebar-layout":"default","site-content-layout":"","ast-site-content-layout":"default","site-content-style":"default","site-sidebar-style":"default","ast-global-header-display":"","ast-banner-title-visibility":"","ast-main-header-display":"","ast-hfb-above-header-display":"","ast-hfb-below-header-display":"","ast-hfb-mobile-header-display":"","site-post-title":"disabled","ast-breadcrumbs-content":"","ast-featured-img":"","footer-sml-layout":"","ast-disable-related-posts":"","theme-transparent-header-meta":"","adv-header-id-meta":"","stick-header-meta":"","header-above-stick-meta":"","header-main-stick-meta":"","header-below-stick-meta":"","astra-migrate-meta-layouts":"default","ast-page-background-enabled":"default","ast-page-background-meta":{"desktop":{"background-color":"var(--ast-global-color-5)","background-image":"","background-repeat":"repeat","background-position":"center center","background-size":"auto","background-attachment":"scroll","background-type":"","background-media":"","overlay-type":"","overlay-color":"","overlay-opacity":"","overlay-gradient":""},"tablet":{"background-color":"","background-image":"","background-repeat":"repeat","background-position":"center center","background-size":"auto","background-attachment":"scroll","background-type":"","background-media":"","overlay-type":"","overlay-color":"","overlay-opacity":"","overlay-gradient":""},"mobile":{"background-color":"","background-image":"","background-repeat":"repeat","background-position":"center center","background-size":"auto","background-attachment":"scroll","background-type":"","background-media":"","overlay-type":"","overlay-color":"","overlay-opacity":"","overlay-gradient":""}},"ast-content-background-meta":{"desktop":{"background-color":"var(--ast-global-color-4)","background-image":"","background-repeat":"repeat","background-position":"center center","background-size":"auto","background-attachment":"scroll","background-type":"","background-media":"","overlay-type":"","overlay-color":"","overlay-opacity":"","overlay-gradient":""},"tablet":{"background-color":"var(--ast-global-color-4)","background-image":"","background-repeat":"repeat","background-position":"center center","background-size":"auto","background-attachment":"scroll","background-type":"","background-media":"","overlay-type":"","overlay-color":"","overlay-opacity":"","overlay-gradient":""},"mobile":{"background-color":"var(--ast-global-color-4)","background-image":"","background-repeat":"repeat","background-position":"center center","background-size":"auto","background-attachment":"scroll","background-type":"","background-media":"","overlay-type":"","overlay-color":"","overlay-opacity":"","overlay-gradient":""}},"footnotes":""},"class_list":["post-63","page","type-page","status-publish","hentry"],"aioseo_notices":[],"_links":{"self":[{"href":"http:\/\/corewell.fi\/index.php\/wp-json\/wp\/v2\/pages\/63","targetHints":{"allow":["GET"]}}],"collection":[{"href":"http:\/\/corewell.fi\/index.php\/wp-json\/wp\/v2\/pages"}],"about":[{"href":"http:\/\/corewell.fi\/index.php\/wp-json\/wp\/v2\/types\/page"}],"author":[{"embeddable":true,"href":"http:\/\/corewell.fi\/index.php\/wp-json\/wp\/v2\/users\/1"}],"replies":[{"embeddable":true,"href":"http:\/\/corewell.fi\/index.php\/wp-json\/wp\/v2\/comments?post=63"}],"version-history":[{"count":39,"href":"http:\/\/corewell.fi\/index.php\/wp-json\/wp\/v2\/pages\/63\/revisions"}],"predecessor-version":[{"id":303,"href":"http:\/\/corewell.fi\/index.php\/wp-json\/wp\/v2\/pages\/63\/revisions\/303"}],"wp:attachment":[{"href":"http:\/\/corewell.fi\/index.php\/wp-json\/wp\/v2\/media?parent=63"}],"curies":[{"name":"wp","href":"https:\/\/api.w.org\/{rel}","templated":true}]}}